{"id":3610,"date":"2021-03-10T07:32:12","date_gmt":"2021-03-10T06:32:12","guid":{"rendered":"https:\/\/itour.de\/videos-webinars\/"},"modified":"2022-02-02T08:38:40","modified_gmt":"2022-02-02T07:38:40","slug":"videos-webinars","status":"publish","type":"page","link":"https:\/\/itour.de\/en\/videos-webinars\/","title":{"rendered":"Videos"},"content":{"rendered":"<p>[et_pb_section fb_built=&#8221;1&#8243; fullwidth=&#8221;on&#8221; _builder_version=&#8221;4.9.7&#8243; _module_preset=&#8221;default&#8221; module_alignment=&#8221;center&#8221; min_height=&#8221;120px&#8221; min_height_tablet=&#8221;&#8221; min_height_phone=&#8221;&#8221; min_height_last_edited=&#8221;on|phone&#8221; height=&#8221;248px&#8221; max_height=&#8221;1000px&#8221; global_colors_info=&#8221;{}&#8221;][et_pb_fullwidth_header title=&#8221;Videos &#8221; _builder_version=&#8221;4.14.7&#8243; _module_preset=&#8221;default&#8221; title_font=&#8221;||||||||&#8221; title_text_align=&#8221;center&#8221; title_text_color=&#8221;#C10000&#8243; title_font_size=&#8221;50px&#8221; title_letter_spacing=&#8221;1px&#8221; background_enable_color=&#8221;off&#8221; background_image=&#8221;https:\/\/itour.de\/wp-content\/uploads\/2021\/06\/03-Video-Smartguie.jpg&#8221; height=&#8221;293px&#8221; custom_padding=&#8221;110px||||false|false&#8221; hover_enabled=&#8221;0&#8243; background_last_edited=&#8221;on|phone&#8221; background_size_phone=&#8221;cover&#8221; title_text_shadow_style=&#8221;preset5&#8243; title_text_shadow_color=&#8221;RGBA(255,255,255,0)&#8221; global_colors_info=&#8221;{}&#8221; title_text_color_last_edited=&#8221;on|phone&#8221; sticky_enabled=&#8221;0&#8243; title_font_size_last_edited=&#8221;on|phone&#8221; title_font_size_phone=&#8221;44px&#8221; title_text_color_tablet=&#8221;#C10000&#8243; title_text_color_phone=&#8221;#C10000&#8243; title_font_size_tablet=&#8221;50px&#8221;][\/et_pb_fullwidth_header][\/et_pb_section][et_pb_section fb_built=&#8221;1&#8243; admin_label=&#8221;Blog&#8221; _builder_version=&#8221;4.9.1&#8243; custom_padding=&#8221;1px|||||&#8221; global_colors_info=&#8221;{}&#8221;][et_pb_row column_structure=&#8221;1_2,1_2&#8243; _builder_version=&#8221;4.9.1&#8243; custom_margin=&#8221;60px||60px||true&#8221; border_color_all=&#8221;rgba(0,0,0,0.12)&#8221; border_width_top=&#8221;1px&#8221; global_colors_info=&#8221;{}&#8221;][et_pb_column type=&#8221;1_2&#8243; _builder_version=&#8221;3.25&#8243; custom_padding=&#8221;|||&#8221; global_colors_info=&#8221;{}&#8221; custom_padding__hover=&#8221;|||&#8221;][et_pb_text _builder_version=&#8221;4.9.1&#8243; text_font=&#8221;||||||||&#8221; header_font=&#8221;||||||||&#8221; header_2_font=&#8221;Lato|600||on|||||&#8221; header_2_text_color=&#8221;#C10000&#8243; header_2_font_size=&#8221;18px&#8221; header_2_letter_spacing=&#8221;3px&#8221; header_2_line_height=&#8221;1.8em&#8221; header_3_font=&#8221;||||||||&#8221; custom_margin=&#8221;||1px|||&#8221; header_2_font_size_tablet=&#8221;&#8221; header_2_font_size_phone=&#8221;16px&#8221; header_2_font_size_last_edited=&#8221;on|phone&#8221; locked=&#8221;off&#8221; global_colors_info=&#8221;{}&#8221;]<\/p>\n<h2>itour SmartGuide\u00a0<\/h2>\n<p>[\/et_pb_text][et_pb_text content_tablet=&#8221;<\/p>\n<h3><span>The solution for a new era of guided tours <\/span><\/h3>\n<p style=%22text-align: left;%22>Der itour SmartGuide ist das bisher fortschrittlichste Smartphone-basierte Gruppenf\u00fchrungssystem. Ob auf einem Stadtrundgang, in einem Museum, in einem Bus oder auf einem Schiff &#8211; der Sender \u00fcbertr\u00e4gt sowohl Live- als auch aufgezeichnete Audioinhalte direkt auf die Smartphones Ihrer G\u00e4ste.<\/p>\n<p>&#8221; content_phone=&#8221;<\/p>\n<h3><span>The solution for a new era of guided tours <\/span><\/h3>\n<p style=%22text-align: justify;%22>Der itour SmartGuide ist das bisher fortschrittlichste Smartphone-basierte Gruppenf\u00fchrungssystem. Ob auf einem Stadtrundgang, in einem Museum, in einem Bus oder auf einem Schiff &#8211; der Sender \u00fcbertr\u00e4gt sowohl Live- als auch aufgezeichnete Audioinhalte direkt auf die Smartphones Ihrer G\u00e4ste.<\/p>\n<p>&#8221; content_last_edited=&#8221;on|phone&#8221; _builder_version=&#8221;4.9.1&#8243; _module_preset=&#8221;default&#8221; text_font=&#8221;Lato||||||||&#8221; text_text_color=&#8221;#32324E&#8221; text_font_size=&#8221;15px&#8221; header_3_font=&#8221;Lato||||||||&#8221; header_3_text_color=&#8221;#C10000&#8243; header_3_font_size=&#8221;20px&#8221; background_color=&#8221;#ffffff&#8221; global_colors_info=&#8221;{}&#8221;]<\/p>\n<h3>The solution for a new era of guided tours\u00a0<br \/>\u00a0<\/h3>\n<p>The itour SmartGuide is the latest advanced smartphone-based group tour system to market. No matter if you are on a city tour, in a museum, on a bus or on a ship &#8211; the transmitter streams live as well as recorded audio content directly to your guests&#8217; smartphones.<\/p>\n<p>[\/et_pb_text][et_pb_video src=&#8221;https:\/\/vimeo.com\/472092307&#8243; play_icon_color=&#8221;#C10000&#8243; _builder_version=&#8221;4.9.7&#8243; _module_preset=&#8221;default&#8221; width=&#8221;100%&#8221; module_alignment=&#8221;center&#8221; global_colors_info=&#8221;{}&#8221;][\/et_pb_video][\/et_pb_column][et_pb_column type=&#8221;1_2&#8243; _builder_version=&#8221;3.25&#8243; custom_padding=&#8221;|||&#8221; global_colors_info=&#8221;{}&#8221; custom_padding__hover=&#8221;|||&#8221;][et_pb_text _builder_version=&#8221;4.9.1&#8243; text_font=&#8221;||||||||&#8221; header_font=&#8221;||||||||&#8221; header_2_font=&#8221;Lato|600||on|||||&#8221; header_2_text_color=&#8221;#C10000&#8243; header_2_font_size=&#8221;18px&#8221; header_2_letter_spacing=&#8221;3px&#8221; header_2_line_height=&#8221;1.8em&#8221; header_3_font=&#8221;||||||||&#8221; custom_margin=&#8221;||3px|||&#8221; header_2_font_size_tablet=&#8221;&#8221; header_2_font_size_phone=&#8221;16px&#8221; header_2_font_size_last_edited=&#8221;on|phone&#8221; locked=&#8221;off&#8221; global_colors_info=&#8221;{}&#8221;]<\/p>\n<h2>Tour Guide System 2.0<\/h2>\n<p>[\/et_pb_text][et_pb_text content_tablet=&#8221;<\/p>\n<h3><span>itour SmartGuide<\/span><\/h3>\n<p><span>A self-contained, mobile WiFi network bringing advanced audio tour technology for groups to your customers\u2019 smartphones.<\/span><br \/><span>\u2013 direkt auf die Smartphones Ihrer Kunden.<\/span><\/p>\n<p>&#8221; content_phone=&#8221;<\/p>\n<h3><span>itour SmartGuide<\/span><\/h3>\n<p style=%22text-align: left;%22><span>A self-contained, mobile WiFi network bringing advanced audio tour technology for groups to your customers\u2019 smartphones.<\/span><br \/><span>\u2013 direkt auf die Smartphones Ihrer Kunden.<\/span><\/p>\n<p>&#8221; content_last_edited=&#8221;on|phone&#8221; _builder_version=&#8221;4.9.7&#8243; _module_preset=&#8221;default&#8221; text_font=&#8221;Lato||||||||&#8221; text_text_color=&#8221;#32324E&#8221; text_font_size=&#8221;15px&#8221; header_3_font=&#8221;Lato||||||||&#8221; header_3_text_color=&#8221;#C10000&#8243; background_color=&#8221;#ffffff&#8221; custom_margin=&#8221;||35px|||&#8221; header_3_font_size_tablet=&#8221;&#8221; header_3_font_size_phone=&#8221;20px&#8221; header_3_font_size_last_edited=&#8221;on|phone&#8221; global_colors_info=&#8221;{}&#8221;]<\/p>\n<h3><span>itour SmartGuide<\/span><\/h3>\n<p><span>A self-contained, mobile WiFi network bringing advanced audio tour technology for groups to your customers\u2019 smartphones.<\/span><\/p>\n<p>[\/et_pb_text][et_pb_video src=&#8221;https:\/\/vimeo.com\/471640201&#8243; play_icon_color=&#8221;#C10000&#8243; _builder_version=&#8221;4.9.1&#8243; _module_preset=&#8221;default&#8221; width=&#8221;100%&#8221; module_alignment=&#8221;center&#8221; custom_margin=&#8221;91px|||||&#8221; global_colors_info=&#8221;{}&#8221;][\/et_pb_video][\/et_pb_column][\/et_pb_row][\/et_pb_section]<\/p>\n","protected":false},"excerpt":{"rendered":"<p>itour SmartGuide\u00a0The solution for a new era of guided tours\u00a0\u00a0 The itour SmartGuide is the latest advanced smartphone-based group tour system to market. No matter if you are on a city tour, in a museum, on a bus or on a ship &#8211; the transmitter streams live as well as recorded audio content directly to [&hellip;]<\/p>\n","protected":false},"author":1,"featured_media":0,"parent":0,"menu_order":0,"comment_status":"closed","ping_status":"closed","template":"","meta":{"_et_pb_use_builder":"on","_et_pb_old_content":"","_et_gb_content_width":"","footnotes":""},"class_list":["post-3610","page","type-page","status-publish","hentry"],"aioseo_notices":[],"_links":{"self":[{"href":"https:\/\/itour.de\/en\/wp-json\/wp\/v2\/pages\/3610","targetHints":{"allow":["GET"]}}],"collection":[{"href":"https:\/\/itour.de\/en\/wp-json\/wp\/v2\/pages"}],"about":[{"href":"https:\/\/itour.de\/en\/wp-json\/wp\/v2\/types\/page"}],"author":[{"embeddable":true,"href":"https:\/\/itour.de\/en\/wp-json\/wp\/v2\/users\/1"}],"replies":[{"embeddable":true,"href":"https:\/\/itour.de\/en\/wp-json\/wp\/v2\/comments?post=3610"}],"version-history":[{"count":41,"href":"https:\/\/itour.de\/en\/wp-json\/wp\/v2\/pages\/3610\/revisions"}],"predecessor-version":[{"id":4555,"href":"https:\/\/itour.de\/en\/wp-json\/wp\/v2\/pages\/3610\/revisions\/4555"}],"wp:attachment":[{"href":"https:\/\/itour.de\/en\/wp-json\/wp\/v2\/media?parent=3610"}],"curies":[{"name":"wp","href":"https:\/\/api.w.org\/{rel}","templated":true}]}}