{"id":3947,"date":"2021-06-23T11:12:19","date_gmt":"2021-06-23T09:12:19","guid":{"rendered":"https:\/\/itour.de\/webinars\/"},"modified":"2025-01-06T10:31:04","modified_gmt":"2025-01-06T09:31:04","slug":"webinars","status":"publish","type":"page","link":"https:\/\/itour.de\/en\/webinars\/","title":{"rendered":"Webinars"},"content":{"rendered":"<p>[et_pb_section fb_built=&#8221;1&#8243; fullwidth=&#8221;on&#8221; _builder_version=&#8221;4.16&#8243; _module_preset=&#8221;default&#8221; module_alignment=&#8221;center&#8221; min_height=&#8221;120px&#8221; min_height_tablet=&#8221;&#8221; min_height_phone=&#8221;&#8221; min_height_last_edited=&#8221;on|phone&#8221; height=&#8221;248px&#8221; max_height=&#8221;1000px&#8221; global_colors_info=&#8221;{}&#8221;][et_pb_fullwidth_header title=&#8221;Webinar recordings&#8221; _builder_version=&#8221;4.16&#8243; _module_preset=&#8221;default&#8221; title_font=&#8221;||||||||&#8221; title_text_align=&#8221;center&#8221; title_text_color=&#8221;#FFFFFF&#8221; title_font_size=&#8221;47px&#8221; title_letter_spacing=&#8221;1px&#8221; background_enable_color=&#8221;off&#8221; background_image=&#8221;https:\/\/itour.de\/wp-content\/uploads\/2021\/03\/webinars_blog.jpg&#8221; height=&#8221;293px&#8221; custom_padding=&#8221;110px||||false|false&#8221; title_font_size_tablet=&#8221;47px&#8221; title_font_size_phone=&#8221;36px&#8221; title_font_size_last_edited=&#8221;on|phone&#8221; background_last_edited=&#8221;on|phone&#8221; background_size_phone=&#8221;cover&#8221; title_text_shadow_style=&#8221;preset5&#8243; title_text_shadow_color=&#8221;RGBA(255,255,255,0)&#8221; global_colors_info=&#8221;{}&#8221;][\/et_pb_fullwidth_header][\/et_pb_section][et_pb_section fb_built=&#8221;1&#8243; admin_label=&#8221;Blog&#8221; _builder_version=&#8221;4.16&#8243; custom_padding=&#8221;1px|||||&#8221; global_colors_info=&#8221;{}&#8221;][et_pb_row column_structure=&#8221;1_2,1_2&#8243; _builder_version=&#8221;4.16&#8243; custom_margin=&#8221;60px||60px||true&#8221; border_color_all=&#8221;rgba(0,0,0,0.12)&#8221; border_width_top=&#8221;1px&#8221; global_colors_info=&#8221;{}&#8221;][et_pb_column type=&#8221;1_2&#8243; _builder_version=&#8221;4.16&#8243; custom_padding=&#8221;|||&#8221; global_colors_info=&#8221;{}&#8221; custom_padding__hover=&#8221;|||&#8221;][et_pb_text _builder_version=&#8221;4.16&#8243; text_font=&#8221;||||||||&#8221; header_font=&#8221;||||||||&#8221; header_2_font=&#8221;Lato|600||on|||||&#8221; header_2_text_color=&#8221;#C10000&#8243; header_2_font_size=&#8221;18px&#8221; header_2_letter_spacing=&#8221;3px&#8221; header_2_line_height=&#8221;1.8em&#8221; header_3_font=&#8221;||||||||&#8221; header_2_font_size_tablet=&#8221;&#8221; header_2_font_size_phone=&#8221;16px&#8221; header_2_font_size_last_edited=&#8221;on|phone&#8221; locked=&#8221;off&#8221; global_colors_info=&#8221;{}&#8221;]<\/p>\n<h2><span>Guiding Group Webinar 2nd Edition <\/span><\/h2>\n<p>[\/et_pb_text][et_pb_text content_tablet=&#8221;<\/p>\n<h3>Guided Tours in einer neuen Zeit &#8211; Dezember 2020<\/h3>\n<p>Die Mitschnitte unserer super-erfolgreichen Webinare sind jetzt online. Wenn Du unser erkenntnisreiches Gespr\u00e4ch \u00fcber die nahe Zukunft der Branche verpasst hast, oder seine Highlights erneut anschauen m\u00f6chtest, klick einfach hier!<\/p>\n<p>&#8221; content_phone=&#8221;<\/p>\n<h3>Guided Tours in einer neuen Zeit &#8211; Dezember 2020<\/h3>\n<p style=%22text-align: justify;%22>Die Mitschnitte unserer super-erfolgreichen Webinare sind jetzt online. Wenn Du unser erkenntnisreiches Gespr\u00e4ch \u00fcber die nahe Zukunft der Branche verpasst hast, oder seine Highlights erneut anschauen m\u00f6chtest, klick einfach hier!<\/p>\n<p>&#8221; content_last_edited=&#8221;on|phone&#8221; _builder_version=&#8221;4.16&#8243; _module_preset=&#8221;default&#8221; text_font=&#8221;Lato||||||||&#8221; text_text_color=&#8221;#32324E&#8221; text_font_size=&#8221;15px&#8221; header_3_font=&#8221;Lato||||||||&#8221; header_3_text_color=&#8221;#C10000&#8243; background_color=&#8221;#ffffff&#8221; header_3_font_size_tablet=&#8221;&#8221; header_3_font_size_phone=&#8221;20px&#8221; header_3_font_size_last_edited=&#8221;on|phone&#8221; global_colors_info=&#8221;{}&#8221;]<\/p>\n<h3><span>2nd Edition &#8220;Into the new age of guided tours 2.0&#8221;- March 2021<\/span><\/h3>\n<p><span>The recordings for our second edition of Webinars is released, in English here but also in Spanish and Italian! We had a great time again, and if you missed the session, then you HAVE to click down here!<\/span><\/p>\n<p>[\/et_pb_text][et_pb_video src=&#8221;https:\/\/youtu.be\/UJC-LD3bS4E&#8221; play_icon_color=&#8221;#C10000&#8243; _builder_version=&#8221;4.27.4&#8243; _module_preset=&#8221;default&#8221; width=&#8221;100%&#8221; module_alignment=&#8221;center&#8221; global_colors_info=&#8221;{}&#8221;][\/et_pb_video][et_pb_text _builder_version=&#8221;4.16&#8243; _module_preset=&#8221;default&#8221; text_font=&#8221;Lato|700|||||||&#8221; text_text_color=&#8221;#32324E&#8221; text_font_size=&#8221;15px&#8221; header_3_font=&#8221;Lato||||||||&#8221; header_3_text_color=&#8221;#C10000&#8243; background_color=&#8221;#ffffff&#8221; global_colors_info=&#8221;{}&#8221;]<\/p>\n<p style=\"text-align: left;\"><span>0:00 &#8211; Table of Contents <br \/>00:50 &#8211; Guiding Group &amp; Panelists&#8217; presentation <br \/>4:45 &#8211; Review of our first edition 18:10 &#8211; Perspectives for 2021 &#8220;How will you reinvent the tourism industry?&#8221; &#8211; Panel Discussion <br \/>44:46 &#8211; How technology suppliers can help you to resume business <br \/>54:50 &#8211; Conclusion \/ Questions &amp; Answers<\/span><\/p>\n<p>[\/et_pb_text][\/et_pb_column][et_pb_column type=&#8221;1_2&#8243; _builder_version=&#8221;4.16&#8243; custom_padding=&#8221;|||&#8221; global_colors_info=&#8221;{}&#8221; custom_padding__hover=&#8221;|||&#8221;][et_pb_text content_tablet=&#8221;&#8221; content_phone=&#8221;&#8221; content_last_edited=&#8221;on|phone&#8221; _builder_version=&#8221;4.16&#8243; text_font=&#8221;||||||||&#8221; header_font=&#8221;||||||||&#8221; header_2_font=&#8221;Lato|600||on|||||&#8221; header_2_text_color=&#8221;#C10000&#8243; header_2_font_size=&#8221;18px&#8221; header_2_letter_spacing=&#8221;3px&#8221; header_2_line_height=&#8221;1.8em&#8221; header_3_font=&#8221;||||||||&#8221; header_2_font_size_tablet=&#8221;&#8221; header_2_font_size_phone=&#8221;16px&#8221; header_2_font_size_last_edited=&#8221;on|phone&#8221; locked=&#8221;off&#8221; global_colors_info=&#8221;{}&#8221;]<\/p>\n<h2><span>Guiding Group Webinar 2 Edizione<\/span><\/h2>\n<p>[\/et_pb_text][et_pb_text content_tablet=&#8221;<\/p>\n<h3>Into the new age of Guided Tours &#8211; December 2020<\/h3>\n<p>The recordings of our super-successful webinars are now online. If you missed our informative talk about the near future within the business, or want to re-watch its highlights, just click here!<\/p>\n<\/p>\n<p>&#8221; content_phone=&#8221;<\/p>\n<h3>Into the new age of Guided Tours &#8211; December 2020<\/h3>\n<p style=%22text-align: justify;%22>The recordings of our super-successful webinars are now online. If you missed our informative talk about the near future within the business, or want to re-watch its highlights, just click here!<\/p>\n<\/p>\n<p>&#8221; content_last_edited=&#8221;on|phone&#8221; _builder_version=&#8221;4.16&#8243; _module_preset=&#8221;default&#8221; text_font=&#8221;Lato||||||||&#8221; text_text_color=&#8221;#32324E&#8221; text_font_size=&#8221;15px&#8221; header_3_font=&#8221;Lato||||||||&#8221; header_3_text_color=&#8221;#C10000&#8243; background_color=&#8221;#ffffff&#8221; custom_margin=&#8221;||13px|||&#8221; header_3_font_size_tablet=&#8221;&#8221; header_3_font_size_phone=&#8221;20px&#8221; header_3_font_size_last_edited=&#8221;on|phone&#8221; global_colors_info=&#8221;{}&#8221;]<\/p>\n<h3><span>2 Edizione &#8220;Verso la nuova era dei tour guidati 2.0&#8221;- Marzo 2021 <\/span><\/h3>\n<p><span>Le registrazioni della nostra seconda edizione dei Webinar sono online, qui in italiano ma anche in spagnolo e inglese! Ci siamo divertiti ancora una volta, e se vi siete persi la sessione, allora dovete cliccare qui!<br \/><\/span><\/p>\n<p>[\/et_pb_text][et_pb_video src=&#8221;https:\/\/youtu.be\/RkrzZvoeBW8&#8243; play_icon_color=&#8221;#C10000&#8243; _builder_version=&#8221;4.27.4&#8243; _module_preset=&#8221;default&#8221; width=&#8221;100%&#8221; module_alignment=&#8221;center&#8221; custom_margin=&#8221;22px|||||&#8221; global_colors_info=&#8221;{}&#8221;][\/et_pb_video][et_pb_text _builder_version=&#8221;4.16&#8243; _module_preset=&#8221;default&#8221; text_font=&#8221;Lato|700|||||||&#8221; text_text_color=&#8221;#32324E&#8221; text_font_size=&#8221;15px&#8221; header_3_font=&#8221;Lato||||||||&#8221; header_3_text_color=&#8221;#C10000&#8243; background_color=&#8221;#ffffff&#8221; global_colors_info=&#8221;{}&#8221;]<\/p>\n<p><span>0:00 &#8211; Sommario <br \/>00:46 &#8211; Introduzione &#8220;Chi siamo&#8221; <br \/>2:25 &#8211; Riassunto della prima edizione <br \/>10:47 &#8211; Prospettive per il 2021 &#8220;Come reinventeremo l&#8217;industria turistica?&#8221; &#8211; Dibattito <br \/>49:03 &#8211; Come possiamo aiurtarti a tornare operativo?- Preparati alla &#8220;nuova normalit\u00e0&#8221; <br \/>53:50 &#8211; Conclusioni <\/span><\/p>\n<p>[\/et_pb_text][\/et_pb_column][\/et_pb_row][et_pb_row column_structure=&#8221;1_2,1_2&#8243; _builder_version=&#8221;4.16&#8243; custom_margin=&#8221;60px||60px||true&#8221; border_color_all=&#8221;rgba(0,0,0,0.12)&#8221; border_width_top=&#8221;1px&#8221; global_colors_info=&#8221;{}&#8221;][et_pb_column type=&#8221;1_2&#8243; _builder_version=&#8221;4.16&#8243; custom_padding=&#8221;|||&#8221; global_colors_info=&#8221;{}&#8221; custom_padding__hover=&#8221;|||&#8221;][et_pb_text _builder_version=&#8221;4.16&#8243; text_font=&#8221;||||||||&#8221; header_font=&#8221;||||||||&#8221; header_2_font=&#8221;Lato|600||on|||||&#8221; header_2_text_color=&#8221;#C10000&#8243; header_2_font_size=&#8221;18px&#8221; header_2_letter_spacing=&#8221;3px&#8221; header_2_line_height=&#8221;1.8em&#8221; header_3_font=&#8221;||||||||&#8221; header_2_font_size_tablet=&#8221;&#8221; header_2_font_size_phone=&#8221;16px&#8221; header_2_font_size_last_edited=&#8221;on|phone&#8221; locked=&#8221;off&#8221; global_colors_info=&#8221;{}&#8221;]<\/p>\n<h2>Webinar Guiding Group deutsch<\/h2>\n<p>[\/et_pb_text][et_pb_text content_tablet=&#8221;<\/p>\n<h3>Guided Tours in einer neuen Zeit &#8211; Dezember 2020<\/h3>\n<p>Die Mitschnitte unserer super-erfolgreichen Webinare sind jetzt online. Wenn Du unser erkenntnisreiches Gespr\u00e4ch \u00fcber die nahe Zukunft der Branche verpasst hast, oder seine Highlights erneut anschauen m\u00f6chtest, klick einfach hier!<\/p>\n<p>&#8221; content_phone=&#8221;<\/p>\n<h3>Guided Tours in einer neuen Zeit &#8211; Dezember 2020<\/h3>\n<p style=%22text-align: justify;%22>Die Mitschnitte unserer super-erfolgreichen Webinare sind jetzt online. Wenn Du unser erkenntnisreiches Gespr\u00e4ch \u00fcber die nahe Zukunft der Branche verpasst hast, oder seine Highlights erneut anschauen m\u00f6chtest, klick einfach hier!<\/p>\n<p>&#8221; content_last_edited=&#8221;on|phone&#8221; _builder_version=&#8221;4.16&#8243; _module_preset=&#8221;default&#8221; text_font=&#8221;Lato||||||||&#8221; text_text_color=&#8221;#32324E&#8221; text_font_size=&#8221;15px&#8221; header_3_font=&#8221;Lato||||||||&#8221; header_3_text_color=&#8221;#C10000&#8243; background_color=&#8221;#ffffff&#8221; header_3_font_size_tablet=&#8221;&#8221; header_3_font_size_phone=&#8221;20px&#8221; header_3_font_size_last_edited=&#8221;on|phone&#8221; global_colors_info=&#8221;{}&#8221;]<\/p>\n<h3>Guided Tours in einer neuen Zeit &#8211; Dezember 2020<\/h3>\n<p>Die Mitschnitte unserer super-erfolgreichen Webinare sind jetzt online. Wenn Du unser erkenntnisreiches Gespr\u00e4ch \u00fcber die nahe Zukunft der Branche verpasst hast, oder seine Highlights erneut anschauen m\u00f6chtest, klick einfach hier!<\/p>\n<p>[\/et_pb_text][et_pb_video src=&#8221;https:\/\/vimeo.com\/491624988&#8243; play_icon_color=&#8221;#C10000&#8243; _builder_version=&#8221;4.27.4&#8243; _module_preset=&#8221;default&#8221; width=&#8221;100%&#8221; module_alignment=&#8221;center&#8221; custom_margin=&#8221;0px||||false|false&#8221; custom_padding=&#8221;0px||0px||false|false&#8221; global_colors_info=&#8221;{}&#8221;][\/et_pb_video][et_pb_text _builder_version=&#8221;4.16&#8243; _module_preset=&#8221;default&#8221; text_font=&#8221;Lato|700|||||||&#8221; text_text_color=&#8221;#32324E&#8221; text_font_size=&#8221;15px&#8221; header_3_font=&#8221;Lato||||||||&#8221; header_3_text_color=&#8221;#C10000&#8243; background_color=&#8221;#ffffff&#8221; global_colors_info=&#8221;{}&#8221;]<\/p>\n<p style=\"text-align: left;\">1:16 &#8211; Guiding Group<br \/>5:01 &#8211; Tourismus: globale Trends und Ver\u00e4nderungen<br \/>6:38 &#8211; Perspektiven f\u00fcr 2021- Podiumsdiskussion<br \/>7:13 &#8211; Wird es eine substantive und irreversible Ver\u00e4nderung in der Industrie geben?<br \/>37:23 &#8211; Wann werden wir bei dem neuen Normal ankommen?<br \/>38:30 &#8211; Wie kann Technologie den Weg in die Zukunft bereiten?<br \/>42:49 &#8211; Fragen &amp; Antworten<\/p>\n<p>[\/et_pb_text][\/et_pb_column][et_pb_column type=&#8221;1_2&#8243; _builder_version=&#8221;4.16&#8243; custom_padding=&#8221;|||&#8221; global_colors_info=&#8221;{}&#8221; custom_padding__hover=&#8221;|||&#8221;][et_pb_text content_tablet=&#8221;&#8221; content_phone=&#8221;&#8221; content_last_edited=&#8221;on|phone&#8221; _builder_version=&#8221;4.16&#8243; text_font=&#8221;||||||||&#8221; header_font=&#8221;||||||||&#8221; header_2_font=&#8221;Lato|600||on|||||&#8221; header_2_text_color=&#8221;#C10000&#8243; header_2_font_size=&#8221;18px&#8221; header_2_letter_spacing=&#8221;3px&#8221; header_2_line_height=&#8221;1.8em&#8221; header_3_font=&#8221;||||||||&#8221; header_2_font_size_tablet=&#8221;&#8221; header_2_font_size_phone=&#8221;16px&#8221; header_2_font_size_last_edited=&#8221;on|phone&#8221; locked=&#8221;off&#8221; global_colors_info=&#8221;{}&#8221;]<\/p>\n<h2>Webinar Guiding Group English<\/h2>\n<p>[\/et_pb_text][et_pb_text content_tablet=&#8221;<\/p>\n<h3>Into the new age of Guided Tours &#8211; December 2020<\/h3>\n<p>The recordings of our super-successful webinars are now online. If you missed our informative talk about the near future within the business, or want to re-watch its highlights, just click here!<\/p>\n<\/p>\n<p>&#8221; content_phone=&#8221;<\/p>\n<h3>Into the new age of Guided Tours &#8211; December 2020<\/h3>\n<p style=%22text-align: justify;%22>The recordings of our super-successful webinars are now online. If you missed our informative talk about the near future within the business, or want to re-watch its highlights, just click here!<\/p>\n<\/p>\n<p>&#8221; content_last_edited=&#8221;on|phone&#8221; _builder_version=&#8221;4.16&#8243; _module_preset=&#8221;default&#8221; text_font=&#8221;Lato||||||||&#8221; text_text_color=&#8221;#32324E&#8221; text_font_size=&#8221;15px&#8221; header_3_font=&#8221;Lato||||||||&#8221; header_3_text_color=&#8221;#C10000&#8243; background_color=&#8221;#ffffff&#8221; custom_margin=&#8221;||13px|||&#8221; header_3_font_size_tablet=&#8221;&#8221; header_3_font_size_phone=&#8221;20px&#8221; header_3_font_size_last_edited=&#8221;on|phone&#8221; global_colors_info=&#8221;{}&#8221;]<\/p>\n<h3>Into the new age of Guided Tours &#8211; December 2020<\/h3>\n<p>The recordings of our super-successful webinars are now online. If you missed our informative talk about the near future within the business, or want to re-watch its highlights, just click here!<\/p>\n<p>&nbsp;<\/p>\n<p>[\/et_pb_text][et_pb_video src=&#8221;https:\/\/youtu.be\/uUVvCE3WPJE&#8221; play_icon_color=&#8221;#C10000&#8243; _builder_version=&#8221;4.27.4&#8243; _module_preset=&#8221;default&#8221; width=&#8221;100%&#8221; module_alignment=&#8221;center&#8221; global_colors_info=&#8221;{}&#8221;][\/et_pb_video][et_pb_text _builder_version=&#8221;4.16&#8243; _module_preset=&#8221;default&#8221; text_font=&#8221;Lato|700|||||||&#8221; text_text_color=&#8221;#32324E&#8221; text_font_size=&#8221;15px&#8221; header_3_font=&#8221;Lato||||||||&#8221; header_3_text_color=&#8221;#C10000&#8243; background_color=&#8221;#ffffff&#8221; global_colors_info=&#8221;{}&#8221;]<\/p>\n<p>7:50 &#8211; What we stand for <br \/>8:55 &#8211; Tourism: global trends and transformations<br \/>11:12 &#8211; Perspectives for 2021- Panel Discussion<br \/>12:10 &#8211; Will there be a substantive &amp; irreversible industry shift?<br \/>42:56 &#8211; When will we have arrived at a new normal? <br \/>46:12 &#8211; How can technology pave the way to the future?<br \/>54:32 &#8211; Questions &amp; Answers<\/p>\n<p>[\/et_pb_text][\/et_pb_column][\/et_pb_row][et_pb_row column_structure=&#8221;1_2,1_2&#8243; _builder_version=&#8221;4.16&#8243; custom_margin=&#8221;60px||60px||true&#8221; border_color_all=&#8221;rgba(0,0,0,0.12)&#8221; border_width_top=&#8221;1px&#8221; global_colors_info=&#8221;{}&#8221;][et_pb_column type=&#8221;1_2&#8243; _builder_version=&#8221;4.16&#8243; custom_padding=&#8221;|||&#8221; global_colors_info=&#8221;{}&#8221; custom_padding__hover=&#8221;|||&#8221;][et_pb_text _builder_version=&#8221;4.16&#8243; text_font=&#8221;||||||||&#8221; header_font=&#8221;||||||||&#8221; header_2_font=&#8221;Lato|600||on|||||&#8221; header_2_text_color=&#8221;#C10000&#8243; header_2_font_size=&#8221;18px&#8221; header_2_letter_spacing=&#8221;3px&#8221; header_2_line_height=&#8221;1.8em&#8221; header_3_font=&#8221;||||||||&#8221; header_2_font_size_tablet=&#8221;&#8221; header_2_font_size_phone=&#8221;16px&#8221; header_2_font_size_last_edited=&#8221;on|phone&#8221; locked=&#8221;off&#8221; global_colors_info=&#8221;{}&#8221;]<\/p>\n<h2>Webinar Guiding Group Fran\u00e7ais<\/h2>\n<p>[\/et_pb_text][et_pb_text content_tablet=&#8221;<\/p>\n<h3>Vers la nouvelle \u00e8re des visites guid\u00e9es &#8211;<br \/>D\u00e9cembre 2020<\/h3>\n<p>Les enregistrements de nos webinaires \u00e0 succ\u00e8s sont maintenant en ligne. Si vous avez manqu\u00e9 notre conversation sur l&#8217;avenir proche de l&#8217;industrie ou si vous voulez revoir ses moments forts, cliquez ici !<\/p>\n<p>&#8221; content_phone=&#8221;<\/p>\n<h3>Vers la nouvelle \u00e8re des visites guid\u00e9es &#8211;<br \/>D\u00e9cembre 2020<\/h3>\n<p style=%22text-align: justify;%22>Les enregistrements de nos webinaires \u00e0 succ\u00e8s sont maintenant en ligne. Si vous avez manqu\u00e9 notre conversation sur l&#8217;avenir proche de l&#8217;industrie ou si vous voulez revoir ses moments forts, cliquez ici !<\/p>\n<p>&#8221; content_last_edited=&#8221;on|phone&#8221; _builder_version=&#8221;4.16&#8243; _module_preset=&#8221;default&#8221; text_font=&#8221;Lato||||||||&#8221; text_text_color=&#8221;#32324E&#8221; text_font_size=&#8221;15px&#8221; header_3_font=&#8221;Lato||||||||&#8221; header_3_text_color=&#8221;#C10000&#8243; background_color=&#8221;#ffffff&#8221; header_3_font_size_tablet=&#8221;&#8221; header_3_font_size_phone=&#8221;20px&#8221; header_3_font_size_last_edited=&#8221;on|phone&#8221; global_colors_info=&#8221;{}&#8221;]<\/p>\n<h3>Vers la nouvelle \u00e8re des visites guid\u00e9es &#8211;<br \/>D\u00e9cembre 2020<\/h3>\n<p>Les enregistrements de nos webinaires \u00e0 succ\u00e8s sont maintenant en ligne. Si vous avez manqu\u00e9 notre conversation sur l&#8217;avenir proche de l&#8217;industrie ou si vous voulez revoir ses moments forts, cliquez ici !<\/p>\n<p>[\/et_pb_text][et_pb_video src=&#8221;https:\/\/youtu.be\/kOkT8jm0Aog&#8221; play_icon_color=&#8221;#C10000&#8243; _builder_version=&#8221;4.27.4&#8243; _module_preset=&#8221;default&#8221; width=&#8221;100%&#8221; hover_enabled=&#8221;0&#8243; global_colors_info=&#8221;{}&#8221; sticky_enabled=&#8221;0&#8243;][\/et_pb_video][et_pb_text _builder_version=&#8221;4.16&#8243; _module_preset=&#8221;default&#8221; text_font=&#8221;Lato|700|||||||&#8221; text_text_color=&#8221;#32324E&#8221; text_font_size=&#8221;15px&#8221; header_3_font=&#8221;Lato||||||||&#8221; header_3_text_color=&#8221;#C10000&#8243; background_color=&#8221;#ffffff&#8221; global_colors_info=&#8221;{}&#8221;]<\/p>\n<p>1:21 &#8211; Guiding Group Presentation<br \/>4:25 &#8211; Tourisme: tendances mondiales et transformations<br \/>9:40 &#8211; Perspectives pour 2021<br \/>10:40 &#8211; Y aura-t-il un changement substantiel et irr\u00e9versible de l&#8217;industrie?<br \/>20:43 &#8211; Quand aurons-nous atteint une nouvelle normalit\u00e9?<br \/>22:26 &#8211; Comment la technologie peut-elle ouvrir la voie vers l&#8217;avenir?<\/p>\n<p>[\/et_pb_text][\/et_pb_column][et_pb_column type=&#8221;1_2&#8243; _builder_version=&#8221;4.16&#8243; custom_padding=&#8221;|||&#8221; global_colors_info=&#8221;{}&#8221; custom_padding__hover=&#8221;|||&#8221;][et_pb_text _builder_version=&#8221;4.16&#8243; text_font=&#8221;||||||||&#8221; header_font=&#8221;||||||||&#8221; header_2_font=&#8221;Lato|600||on|||||&#8221; header_2_text_color=&#8221;#C10000&#8243; header_2_font_size=&#8221;18px&#8221; header_2_letter_spacing=&#8221;3px&#8221; header_2_line_height=&#8221;1.8em&#8221; header_3_font=&#8221;||||||||&#8221; header_2_font_size_tablet=&#8221;&#8221; header_2_font_size_phone=&#8221;16px&#8221; header_2_font_size_last_edited=&#8221;on|phone&#8221; locked=&#8221;off&#8221; global_colors_info=&#8221;{}&#8221;]<\/p>\n<h2>Webinar Guiding Group Italiano<\/h2>\n<p>[\/et_pb_text][et_pb_text content_tablet=&#8221;<\/p>\n<h3>Verso la nuova era dei tour guidati &#8211;<br \/>Dicembre 2020<\/h3>\n<p>Le registrazioni dei nostri webinar di grande successo sono ora online. Se ti sei perso il nostro discorso informativo sul prossimo futuro all&#8217;interno del business, o vuoi rivedere i suoi punti salienti, basta cliccare qui!<\/p>\n<p>&#8221; content_phone=&#8221;<\/p>\n<h3>Verso la nuova era dei tour guidati &#8211;<br \/>Dicembre 2020<\/h3>\n<p style=%22text-align: justify;%22>Le registrazioni dei nostri webinar di grande successo sono ora online. Se ti sei perso il nostro discorso informativo sul prossimo futuro all&#8217;interno del business, o vuoi rivedere i suoi punti salienti, basta cliccare qui!<\/p>\n<p>&#8221; content_last_edited=&#8221;on|phone&#8221; _builder_version=&#8221;4.16&#8243; _module_preset=&#8221;default&#8221; text_font=&#8221;Lato||||||||&#8221; text_text_color=&#8221;#32324E&#8221; text_font_size=&#8221;15px&#8221; header_3_font=&#8221;Lato||||||||&#8221; header_3_text_color=&#8221;#C10000&#8243; background_color=&#8221;#ffffff&#8221; custom_margin=&#8221;||35px|||&#8221; header_3_font_size_tablet=&#8221;&#8221; header_3_font_size_phone=&#8221;20px&#8221; header_3_font_size_last_edited=&#8221;on|phone&#8221; global_colors_info=&#8221;{}&#8221;]<\/p>\n<h3>Verso la nuova era dei tour guidati &#8211;<br \/>Dicembre 2020<\/h3>\n<p>Le registrazioni dei nostri webinar di grande successo sono ora online. Se ti sei perso il nostro discorso informativo sul prossimo futuro all&#8217;interno del business, o vuoi rivedere i suoi punti salienti, basta cliccare qui!<\/p>\n<p>[\/et_pb_text][et_pb_video src=&#8221;https:\/\/youtu.be\/nFy0OL7gU-g&#8221; play_icon_color=&#8221;#C10000&#8243; _builder_version=&#8221;4.27.4&#8243; _module_preset=&#8221;default&#8221; width=&#8221;100%&#8221; module_alignment=&#8221;center&#8221; hover_enabled=&#8221;0&#8243; global_colors_info=&#8221;{}&#8221; sticky_enabled=&#8221;0&#8243;][\/et_pb_video][et_pb_text _builder_version=&#8221;4.16&#8243; _module_preset=&#8221;default&#8221; text_font=&#8221;Lato|700|||||||&#8221; text_text_color=&#8221;#32324E&#8221; text_font_size=&#8221;15px&#8221; header_3_font=&#8221;Lato||||||||&#8221; header_3_text_color=&#8221;#C10000&#8243; background_color=&#8221;#ffffff&#8221; global_colors_info=&#8221;{}&#8221;]<\/p>\n<p>1:57 &#8211; Guiding Group<br \/>7:00 &#8211; Turismo: trends e trasformazioni globali<br \/>8:37 &#8211; Prospettive per il 2021<br \/>8:48 &#8211; L&#8217;industria turistica cambier\u00e0 in maniera sostanziale e irreversibile?<br \/>16:20 &#8211; Quando saremo arrivati ad una nuova normalit\u00e0?<br \/>17:45 &#8211; Che ruolo pu\u00f2 avere la tecnologia nell&#8217;aprire la strada al nostro futuro?<br \/>25: 32 &#8211; Domande e risposte<\/p>\n<p>[\/et_pb_text][\/et_pb_column][\/et_pb_row][\/et_pb_section]<\/p>\n","protected":false},"excerpt":{"rendered":"<p>Guiding Group Webinar 2nd Edition 2nd Edition &#8220;Into the new age of guided tours 2.0&#8221;- March 2021 The recordings for our second edition of Webinars is released, in English here but also in Spanish and Italian! We had a great time again, and if you missed the session, then you HAVE to click down here!0:00 [&hellip;]<\/p>\n","protected":false},"author":1,"featured_media":0,"parent":0,"menu_order":0,"comment_status":"closed","ping_status":"closed","template":"","meta":{"_et_pb_use_builder":"on","_et_pb_old_content":"","_et_gb_content_width":"","footnotes":""},"class_list":["post-3947","page","type-page","status-publish","hentry"],"aioseo_notices":[],"_links":{"self":[{"href":"https:\/\/itour.de\/en\/wp-json\/wp\/v2\/pages\/3947","targetHints":{"allow":["GET"]}}],"collection":[{"href":"https:\/\/itour.de\/en\/wp-json\/wp\/v2\/pages"}],"about":[{"href":"https:\/\/itour.de\/en\/wp-json\/wp\/v2\/types\/page"}],"author":[{"embeddable":true,"href":"https:\/\/itour.de\/en\/wp-json\/wp\/v2\/users\/1"}],"replies":[{"embeddable":true,"href":"https:\/\/itour.de\/en\/wp-json\/wp\/v2\/comments?post=3947"}],"version-history":[{"count":16,"href":"https:\/\/itour.de\/en\/wp-json\/wp\/v2\/pages\/3947\/revisions"}],"predecessor-version":[{"id":5265,"href":"https:\/\/itour.de\/en\/wp-json\/wp\/v2\/pages\/3947\/revisions\/5265"}],"wp:attachment":[{"href":"https:\/\/itour.de\/en\/wp-json\/wp\/v2\/media?parent=3947"}],"curies":[{"name":"wp","href":"https:\/\/api.w.org\/{rel}","templated":true}]}}